{"id":2335,"date":"2022-12-19T02:32:04","date_gmt":"2022-12-18T23:32:04","guid":{"rendered":"https:\/\/avocadovillas.gr\/villas\/"},"modified":"2025-07-17T16:21:35","modified_gmt":"2025-07-17T13:21:35","slug":"villas","status":"publish","type":"page","link":"https:\/\/avocadovillas.gr\/fr\/villas\/","title":{"rendered":"Villas"},"content":{"rendered":"\t\t<div data-elementor-type=\"wp-page\" data-elementor-id=\"2335\" class=\"elementor elementor-2335 elementor-37\">\n\t\t\t\t\t\t<section class=\"elementor-section elementor-top-section elementor-element elementor-element-d0188a8 elementor-section-boxed elementor-section-height-default elementor-section-height-default\" data-id=\"d0188a8\" data-element_type=\"section\" data-settings=\"{&quot;background_background&quot;:&quot;slideshow&quot;,&quot;background_slideshow_gallery&quot;:[{&quot;id&quot;:713,&quot;url&quot;:&quot;https:\\\/\\\/avocadovillas.gr\\\/wp-content\\\/uploads\\\/2024\\\/01\\\/DSC_7255_AuroraHDR-edit-scaled.jpg&quot;},{&quot;id&quot;:679,&quot;url&quot;:&quot;https:\\\/\\\/avocadovillas.gr\\\/wp-content\\\/uploads\\\/2024\\\/01\\\/DSC_7126_AuroraHDR-edit-scaled.jpg&quot;}],&quot;background_slideshow_lazyload&quot;:&quot;yes&quot;,&quot;background_slideshow_ken_burns&quot;:&quot;yes&quot;,&quot;background_slideshow_loop&quot;:&quot;yes&quot;,&quot;background_slideshow_slide_duration&quot;:5000,&quot;background_slideshow_slide_transition&quot;:&quot;fade&quot;,&quot;background_slideshow_transition_duration&quot;:500,&quot;background_slideshow_ken_burns_zoom_direction&quot;:&quot;in&quot;}\">\n\t\t\t\t\t\t<div class=\"elementor-container elementor-column-gap-default\">\n\t\t\t\t\t<div class=\"elementor-column elementor-col-100 elementor-top-column elementor-element elementor-element-4629001\" data-id=\"4629001\" data-element_type=\"column\">\n\t\t\t<div class=\"elementor-widget-wrap elementor-element-populated\">\n\t\t\t\t\t\t<div class=\"elementor-element elementor-element-ac1d607 elementor-widget elementor-widget-gva-heading-block\" data-id=\"ac1d607\" data-element_type=\"widget\" data-widget_type=\"gva-heading-block.default\">\n\t\t\t\t<div class=\"elementor-widget-container\">\n\t\t\t\t\t<div class=\"gva-element-gva-heading-block gva-element\">   <div class=\"align-center style-1 widget gsc-heading box-align-left auto-responsive\">\r\n      <div class=\"content-inner\">\r\n         \r\n                  \r\n           \r\n         \r\n                     <h2 class=\"title\">\r\n               <span>\u0391\u03bd\u03b1\u03ba\u03b1\u03bb\u03cd\u03c8\u03c4\u03b5 \u03c4\u03b9\u03c2 \u03b2\u03af\u03bb\u03b5\u03c2 \u03bc\u03b1\u03c2<\/span>\r\n            <\/h2>\r\n                  \r\n                     <div class=\"title-desc\">\u0391\u03c0\u03bf\u03bb\u03b1\u03cd\u03c3\u03c4\u03b5 \u03bc\u03af\u03b1 \u03bc\u03bf\u03bd\u03b1\u03b4\u03b9\u03ba\u03ae \u03b5\u03bc\u03c0\u03b5\u03b9\u03c1\u03af\u03b1<\/div>\r\n         \r\n         \r\n      <\/div>\r\n   <\/div>\r\n<\/div>\t\t\t\t<\/div>\n\t\t\t\t<\/div>\n\t\t\t\t\t<\/div>\n\t\t<\/div>\n\t\t\t\t\t<\/div>\n\t\t<\/section>\n\t\t\t\t<section class=\"elementor-section elementor-top-section elementor-element elementor-element-9bd2115 elementor-section-boxed elementor-section-height-default elementor-section-height-default\" data-id=\"9bd2115\" data-element_type=\"section\">\n\t\t\t\t\t\t<div class=\"elementor-container elementor-column-gap-default\">\n\t\t\t\t\t<div class=\"elementor-column elementor-col-100 elementor-top-column elementor-element elementor-element-90adad2\" data-id=\"90adad2\" data-element_type=\"column\">\n\t\t\t<div class=\"elementor-widget-wrap elementor-element-populated\">\n\t\t\t\t\t\t<div class=\"elementor-element elementor-element-1e52725 elementor-widget elementor-widget-gva_ba_search_form\" data-id=\"1e52725\" data-element_type=\"widget\" data-widget_type=\"gva_ba_search_form.default\">\n\t\t\t\t<div class=\"elementor-widget-container\">\n\t\t\t\t\t<div class=\"gva-element-gva_ba_search_form gva-element\"><div class=\"boliin-search-form-wrap\" style=\"opacity: 0;filter: alpha(opacity=0);\"><div id=\"search-box\" class=\"babe-search-box boliin-search-form layout-1 hidden-tab-yes\">\t\t\t\t\t\t\n\t\t\t\t\n                <div id=\"search_form_tabs\"><span class=\"search_form_tab is-active\" data-tab-slug=\"rooms\" data-tab-categories=\"37\">Rooms<\/span><\/div>\n                <form name=\"search_form\" action=\"\" method=\"get\" id=\"search_form\" class=\"babe-search-form \">\n\t\t\t<div class=\"input-group\">\n                    <div class=\"search-date search_date_wrapper_date_from is-active\" data-inputfield=\"1\" data-active-rooms=\"1\" data-title-rooms=\"Date from\">\n                        <i class=\"bicon-calendar-1\"><\/i><input type=\"text\" class=\"search_date\" id=\"date_from\" name=\"date_from\" value=\"\" placeholder=\"Date from\">\n\t\t\t\t\t<\/div>\n\t\t\t\t\t\t<div class=\"input_select_field input_select_field_time_from  is-active\" data-name=\"time_from\" data-inputfield=\"1\" data-active-rooms=\"1\" >\n\t\t\t\t\t\t\t<div class=\"input_select_title\">\n                                <div class=\"input_select_title_value\">Commence \u00e0<\/div>\n                                <div class=\"input_select_wrapper\">\n                                  <input type=\"text\" class=\"input_select_input\" name=\"time_from_label\"  value=\"00:00\">\n                                  <input type=\"hidden\" class=\"input_select_input_value\" name=\"time_from\"  value=\"00:00\">\n                                  <ul class=\"input_select_list\">\n                <li class=\"term_item term_item_selected\" data-id=\"00:00\" data-value=\"00:00\">00:00<\/li><li class=\"term_item\" data-id=\"01:00\" data-value=\"01:00\">01:00<\/li><li class=\"term_item\" data-id=\"02:00\" data-value=\"02:00\">02:00<\/li><li class=\"term_item\" data-id=\"03:00\" data-value=\"03:00\">03:00<\/li><li class=\"term_item\" data-id=\"04:00\" data-value=\"04:00\">04:00<\/li><li class=\"term_item\" data-id=\"05:00\" data-value=\"05:00\">05:00<\/li><li class=\"term_item\" data-id=\"06:00\" data-value=\"06:00\">06:00<\/li><li class=\"term_item\" data-id=\"07:00\" data-value=\"07:00\">07:00<\/li><li class=\"term_item\" data-id=\"08:00\" data-value=\"08:00\">08:00<\/li><li class=\"term_item\" data-id=\"09:00\" data-value=\"09:00\">09:00<\/li><li class=\"term_item\" data-id=\"10:00\" data-value=\"10:00\">10:00<\/li><li class=\"term_item\" data-id=\"11:00\" data-value=\"11:00\">11:00<\/li><li class=\"term_item\" data-id=\"12:00\" data-value=\"12:00\">12:00<\/li><li class=\"term_item\" data-id=\"13:00\" data-value=\"13:00\">13:00<\/li><li class=\"term_item\" data-id=\"14:00\" data-value=\"14:00\">14:00<\/li><li class=\"term_item\" data-id=\"15:00\" data-value=\"15:00\">15:00<\/li><li class=\"term_item\" data-id=\"16:00\" data-value=\"16:00\">16:00<\/li><li class=\"term_item\" data-id=\"17:00\" data-value=\"17:00\">17:00<\/li><li class=\"term_item\" data-id=\"18:00\" data-value=\"18:00\">18:00<\/li><li class=\"term_item\" data-id=\"19:00\" data-value=\"19:00\">19:00<\/li><li class=\"term_item\" data-id=\"20:00\" data-value=\"20:00\">20:00<\/li><li class=\"term_item\" data-id=\"21:00\" data-value=\"21:00\">21:00<\/li><li class=\"term_item\" data-id=\"22:00\" data-value=\"22:00\">22:00<\/li><li class=\"term_item\" data-id=\"23:00\" data-value=\"23:00\">23:00<\/li>\n            <\/ul>\n                                  <i class=\"fas fa-chevron-down\"><\/i>\n                                <\/div>\n                             <\/div>\t\n\t\t\t\t\t\t<\/div>\n\t\t\t\t\t\n                    <div class=\"search-date search_date_wrapper_date_to is-active\" data-inputfield=\"1\" data-active-rooms=\"1\" data-title-rooms=\"Date to\">\n                        <i class=\"bicon-calendar-1\"><\/i><input type=\"text\" class=\"search_date\" id=\"date_to\" name=\"date_to\" value=\"\" placeholder=\"Date to\">\n\t\t\t\t\t<\/div>\n                  <div class=\"search_guests_field is-active\" data-active-rooms=\"1\" data-title-rooms=\"Guests\" >\n\t\t\t\t\t  <div ><div class=\"search_guests_title\">Guests<\/div>&#160;<span class=\"search_guests_title_value\">0<\/span>\n\t\t                  <div class=\"search_guests_select_wrapper close_by_apply_btn\">\n\t\t                      \n                       <div class=\"input_select_field input_select_field_guests is-active\" data-name=\"guests[0]\" data-inputfield=\"1\" data-active-rooms=\"1\" data-title-rooms=\"Guests\">\n                          <span class=\"select_guests_value\">0<\/span>\n                          <span class=\"select_guests_title\">Guests<\/span>\n                          <span class=\"search_guests_plus btn-search-guests-change btn btn-secondary-outlined\" ><i class=\"fas fa-plus\"><\/i><\/span>\n                          <span class=\"search_guests_minus btn-search-guests-change btn btn-secondary-outlined\" ><i class=\"fas fa-minus\"><\/i><\/span>\n                          <input type=\"hidden\" class=\"select_guests_input_value\" name=\"guests[0]\" value=\"0\">\n                       <\/div>\n\t\t                      <div class=\"search_guests_apply\">\n\t\t                         <button class=\"btn button btn-primary search_apply_btn\">Appliquer<\/button>\n\t\t                      <\/div>\n\t\t                  <\/div>\t\n\t                  <\/div>\n\t\t\t\t  <\/div>\n                  \n                    <div class=\"submit\">\n\t\t\t\t\t  <button name=\"submit\" class=\"btn button btn-primary btn-search\" value=\"1\"><i class=\"fas fa-search\"><\/i> <\/button>\n\t\t\t\t    <\/div>\n\t\t\t\t<\/div>\n                \n                \n                \n                <input type=\"hidden\" name=\"request_search_results\" value=\"1\">\n                <input type=\"hidden\" name=\"search_results_sort_by\" value=\"title_asc\"><input type=\"hidden\" name=\"search_tab\" value=\"rooms\">   \n\t\t<\/form>\n\t\t\t\t\t<\/div><div class=\"data-hidden\" data-hidden-tax=\"[]\"><\/div><div class=\"form-fields-title hidden\"><span class=\"amenities-fr_title\">Amenities-fr<\/span><span class=\"location-fr_title\">Location-fr<\/span><span class=\"search_box_title\">Where are you going?<\/span><span class=\"date_from_title\">Checkin<\/span><span class=\"date_to_title\">Checkout<\/span><\/div><\/div><\/div>\t\t\t\t<\/div>\n\t\t\t\t<\/div>\n\t\t\t\t\t<\/div>\n\t\t<\/div>\n\t\t\t\t\t<\/div>\n\t\t<\/section>\n\t\t\t\t<section class=\"elementor-section elementor-top-section elementor-element elementor-element-0a1772c elementor-section-boxed elementor-section-height-default elementor-section-height-default\" data-id=\"0a1772c\" data-element_type=\"section\">\n\t\t\t\t\t\t<div class=\"elementor-container elementor-column-gap-default\">\n\t\t\t\t\t<div class=\"elementor-column elementor-col-100 elementor-top-column elementor-element elementor-element-3073e6e\" data-id=\"3073e6e\" data-element_type=\"column\">\n\t\t\t<div class=\"elementor-widget-wrap elementor-element-populated\">\n\t\t\t\t\t\t<div class=\"elementor-element elementor-element-dd0463c elementor-widget elementor-widget-gva_ba_search_results\" data-id=\"dd0463c\" data-element_type=\"widget\" data-widget_type=\"gva_ba_search_results.default\">\n\t\t\t\t<div class=\"elementor-widget-container\">\n\t\t\t\t\t<div class=\"gva-element-gva_ba_search_results gva-element\"><h2 class=\"empty-list\">No available rooms<\/h2><p>It seems we can\u2019t find what you\u2019re looking for. <\/p><\/div>\t\t\t\t<\/div>\n\t\t\t\t<\/div>\n\t\t\t\t\t<\/div>\n\t\t<\/div>\n\t\t\t\t\t<\/div>\n\t\t<\/section>\n\t\t\t\t<section class=\"elementor-section elementor-top-section elementor-element elementor-element-dfd2725 elementor-section-boxed elementor-section-height-default elementor-section-height-default\" data-id=\"dfd2725\" data-element_type=\"section\">\n\t\t\t\t\t\t<div class=\"elementor-container elementor-column-gap-default\">\n\t\t\t\t\t<div class=\"elementor-column elementor-col-50 elementor-top-column elementor-element elementor-element-a792be1\" data-id=\"a792be1\" data-element_type=\"column\" data-settings=\"{&quot;background_background&quot;:&quot;classic&quot;}\">\n\t\t\t<div class=\"elementor-widget-wrap elementor-element-populated\">\n\t\t\t\t\t\t<div class=\"elementor-element elementor-element-cc4d576 elementor-widget__width-initial elementor-absolute elementor-widget elementor-widget-text-editor\" data-id=\"cc4d576\" data-element_type=\"widget\" data-settings=\"{&quot;_position&quot;:&quot;absolute&quot;}\" data-widget_type=\"text-editor.default\">\n\t\t\t\t<div class=\"elementor-widget-container\">\n\t\t\t\t\t\t\t\t\t<p>La famille Mavrogeni offre une atmosph\u00e8re simple qui cr\u00e9e des attentes et donne g\u00e9n\u00e9reusement un plaisir esth\u00e9tique avec repos et d\u00e9sintoxication de la vie quotidienne. <\/p>\n\t\t\t\t\t\t\t\t<\/div>\n\t\t\t\t<\/div>\n\t\t\t\t<div class=\"elementor-element elementor-element-8e5a07c elementor-widget elementor-widget-spacer\" data-id=\"8e5a07c\" data-element_type=\"widget\" data-widget_type=\"spacer.default\">\n\t\t\t\t<div class=\"elementor-widget-container\">\n\t\t\t\t\t\t\t<div class=\"elementor-spacer\">\n\t\t\t<div class=\"elementor-spacer-inner\"><\/div>\n\t\t<\/div>\n\t\t\t\t\t\t<\/div>\n\t\t\t\t<\/div>\n\t\t\t\t\t<\/div>\n\t\t<\/div>\n\t\t\t\t<div class=\"elementor-column elementor-col-50 elementor-top-column elementor-element elementor-element-be302ff\" data-id=\"be302ff\" data-element_type=\"column\">\n\t\t\t<div class=\"elementor-widget-wrap elementor-element-populated\">\n\t\t\t\t\t\t<div class=\"elementor-element elementor-element-6b0d3ab elementor-widget elementor-widget-gva-heading-block\" data-id=\"6b0d3ab\" data-element_type=\"widget\" data-widget_type=\"gva-heading-block.default\">\n\t\t\t\t<div class=\"elementor-widget-container\">\n\t\t\t\t\t<div class=\"gva-element-gva-heading-block gva-element\">   <div class=\"align-left style-1 widget gsc-heading box-align-left auto-responsive\">\r\n      <div class=\"content-inner\">\r\n         \r\n                  \r\n         <div class=\"heading-icon\"><span><img decoding=\"async\" src=\"https:\/\/avocadovillas.gr\/wp-content\/uploads\/2023\/02\/Health-Benefits-of-Avocado-1-e1706210154278.png\" alt=\"\u03a7\u03b1\u03bb\u03b1\u03c1\u03ce\u03c3\u03c4\u03b5 \u03ba\u03b1\u03b9 \u03b1\u03c0\u03bf\u03bb\u03b1\u03cd\u03c3\u03c4\u03b5\n\u03c4\u03b9\u03c2 \u03b4\u03b9\u03b1\u03ba\u03bf\u03c0\u03ad\u03c2 \u03c3\u03b1\u03c2.\" \/><\/span><\/div><div class=\"sub-title\"><span class=\"tagline\">Luxury Stone Houses<\/span><\/div>  \r\n         \r\n                     <h2 class=\"title\">\r\n               <span>\u03a7\u03b1\u03bb\u03b1\u03c1\u03ce\u03c3\u03c4\u03b5 \u03ba\u03b1\u03b9 \u03b1\u03c0\u03bf\u03bb\u03b1\u03cd\u03c3\u03c4\u03b5\n\u03c4\u03b9\u03c2 \u03b4\u03b9\u03b1\u03ba\u03bf\u03c0\u03ad\u03c2 \u03c3\u03b1\u03c2.<\/span>\r\n            <\/h2>\r\n                  \r\n         \r\n         \r\n      <\/div>\r\n   <\/div>\r\n<\/div>\t\t\t\t<\/div>\n\t\t\t\t<\/div>\n\t\t\t\t<div class=\"elementor-element elementor-element-b2987ec elementor-widget elementor-widget-text-editor\" data-id=\"b2987ec\" data-element_type=\"widget\" data-widget_type=\"text-editor.default\">\n\t\t\t\t<div class=\"elementor-widget-container\">\n\t\t\t\t\t\t\t\t\t<p>Une exp\u00e9rience de vie diff\u00e9rente de toute autre exp\u00e9rience v\u00e9cue par chacun de nos h\u00f4tes<\/p>\n\t\t\t\t\t\t\t\t<\/div>\n\t\t\t\t<\/div>\n\t\t\t\t<div class=\"elementor-element elementor-element-4126cb3 elementor-widget elementor-widget-text-editor\" data-id=\"4126cb3\" data-element_type=\"widget\" data-widget_type=\"text-editor.default\">\n\t\t\t\t<div class=\"elementor-widget-container\">\n\t\t\t\t\t\t\t\t\t<p style=\"margin-top: 0cm;\">\n<span lang=\"FR\" style=\"font-size: 11.5pt; font-family: 'Open Sans',sans-serif; color: black;\">Vivez une exp\u00e9rience de d\u00e9tente unique et sentez-vous en s\u00e9curit\u00e9 dans un espace sp\u00e9cialement con\u00e7u pour vous.<\/span><\/p>\n\t\t\t\t\t\t\t\t<\/div>\n\t\t\t\t<\/div>\n\t\t\t\t\t<\/div>\n\t\t<\/div>\n\t\t\t\t\t<\/div>\n\t\t<\/section>\n\t\t\t\t<\/div>\n\t\t","protected":false},"excerpt":{"rendered":"<p>\u0391\u03bd\u03b1\u03ba\u03b1\u03bb\u03cd\u03c8\u03c4\u03b5 \u03c4\u03b9\u03c2 \u03b2\u03af\u03bb\u03b5\u03c2 \u03bc\u03b1\u03c2 \u0391\u03c0\u03bf\u03bb\u03b1\u03cd\u03c3\u03c4\u03b5 \u03bc\u03af\u03b1 \u03bc\u03bf\u03bd\u03b1\u03b4\u03b9\u03ba\u03ae \u03b5\u03bc\u03c0\u03b5\u03b9\u03c1\u03af\u03b1 Rooms Locations Start at 00:00 01:00 02:00 03:00 04:00 05:00 06:00 07:00 08:00 09:00 10:00 11:00 12:00 13:00 14:00 15:00 16:00 17:00 [&hellip;]<\/p>\n","protected":false},"author":1,"featured_media":0,"parent":0,"menu_order":0,"comment_status":"closed","ping_status":"closed","template":"","meta":{"footnotes":""},"class_list":["post-2335","page","type-page","status-publish","hentry"],"_links":{"self":[{"href":"https:\/\/avocadovillas.gr\/fr\/wp-json\/wp\/v2\/pages\/2335","targetHints":{"allow":["GET"]}}],"collection":[{"href":"https:\/\/avocadovillas.gr\/fr\/wp-json\/wp\/v2\/pages"}],"about":[{"href":"https:\/\/avocadovillas.gr\/fr\/wp-json\/wp\/v2\/types\/page"}],"author":[{"embeddable":true,"href":"https:\/\/avocadovillas.gr\/fr\/wp-json\/wp\/v2\/users\/1"}],"replies":[{"embeddable":true,"href":"https:\/\/avocadovillas.gr\/fr\/wp-json\/wp\/v2\/comments?post=2335"}],"version-history":[{"count":4,"href":"https:\/\/avocadovillas.gr\/fr\/wp-json\/wp\/v2\/pages\/2335\/revisions"}],"predecessor-version":[{"id":2456,"href":"https:\/\/avocadovillas.gr\/fr\/wp-json\/wp\/v2\/pages\/2335\/revisions\/2456"}],"wp:attachment":[{"href":"https:\/\/avocadovillas.gr\/fr\/wp-json\/wp\/v2\/media?parent=2335"}],"curies":[{"name":"wp","href":"https:\/\/api.w.org\/{rel}","templated":true}]}}